{"id":396705,"date":"2025-03-24T14:10:47","date_gmt":"2025-03-24T20:10:47","guid":{"rendered":"https:\/\/castings.monkeysolutions.com.mx\/?page_id=396705"},"modified":"2025-06-20T17:11:49","modified_gmt":"2025-06-20T23:11:49","slug":"nosotros","status":"publish","type":"page","link":"https:\/\/castingsmexico.com\/blog\/nosotros\/","title":{"rendered":"Nosotros"},"content":{"rendered":"\t\t<div data-elementor-type=\"wp-page\" data-elementor-id=\"396705\" class=\"elementor elementor-396705\" data-elementor-post-type=\"page\">\n\t\t\t\t<div class=\"elementor-element elementor-element-17445e8 e-flex e-con-boxed e-con e-parent\" data-id=\"17445e8\" data-element_type=\"container\" data-e-type=\"container\">\n\t\t\t\t\t<div class=\"e-con-inner\">\n\t\t<div class=\"elementor-element elementor-element-3495a2c e-con-full e-flex e-con e-child\" data-id=\"3495a2c\" data-element_type=\"container\" data-e-type=\"container\">\n\t\t\t\t<div class=\"elementor-element elementor-element-91b6ebe elementor-widget elementor-widget-heading\" data-id=\"91b6ebe\" data-element_type=\"widget\" data-e-type=\"widget\" data-widget_type=\"heading.default\">\n\t\t\t\t<div class=\"elementor-widget-container\">\n\t\t\t\t\t<h1 class=\"elementor-heading-title elementor-size-default\">Acerca de Castings M\u00e9xico<\/h1>\t\t\t\t<\/div>\n\t\t\t\t<\/div>\n\t\t\t\t<div class=\"elementor-element elementor-element-27a5e66 elementor-widget elementor-widget-text-editor\" data-id=\"27a5e66\" data-element_type=\"widget\" data-e-type=\"widget\" data-widget_type=\"text-editor.default\">\n\t\t\t\t<div class=\"elementor-widget-container\">\n\t\t\t\t\t\t\t\t\t<p>Castings M\u00e9xico es una empresa con presencia en el mercado nacional desde 1968, dedicada a la fabricaci\u00f3n y suministro de mobiliario para diversos usos, principalmente en \u00e1reas de atenci\u00f3n y de servicio al p\u00fablico.<\/p>\t\t\t\t\t\t\t\t<\/div>\n\t\t\t\t<\/div>\n\t\t\t\t<\/div>\n\t\t<div class=\"elementor-element elementor-element-0b5b6c5 e-con-full e-flex e-con e-child\" data-id=\"0b5b6c5\" data-element_type=\"container\" data-e-type=\"container\">\n\t\t\t\t<div class=\"elementor-element elementor-element-24f86d0 elementor-widget elementor-widget-image\" data-id=\"24f86d0\" data-element_type=\"widget\" data-e-type=\"widget\" data-widget_type=\"image.default\">\n\t\t\t\t<div class=\"elementor-widget-container\">\n\t\t\t\t\t\t\t\t\t\t\t\t\t\t\t<img fetchpriority=\"high\" decoding=\"async\" width=\"1024\" height=\"879\" src=\"https:\/\/castingsmexico.com\/blog\/wp-content\/uploads\/2024\/07\/imageacerca-1024x879.png\" class=\"attachment-large size-large wp-image-395700\" alt=\"\" srcset=\"https:\/\/castingsmexico.com\/blog\/wp-content\/uploads\/2024\/07\/imageacerca-1024x879.png 1024w, https:\/\/castingsmexico.com\/blog\/wp-content\/uploads\/2024\/07\/imageacerca-500x429.png 500w, https:\/\/castingsmexico.com\/blog\/wp-content\/uploads\/2024\/07\/imageacerca-300x257.png 300w, https:\/\/castingsmexico.com\/blog\/wp-content\/uploads\/2024\/07\/imageacerca-768x659.png 768w, https:\/\/castingsmexico.com\/blog\/wp-content\/uploads\/2024\/07\/imageacerca.png 1044w\" sizes=\"(max-width: 1024px) 100vw, 1024px\" \/>\t\t\t\t\t\t\t\t\t\t\t\t\t\t\t<\/div>\n\t\t\t\t<\/div>\n\t\t\t\t<\/div>\n\t\t\t\t\t<\/div>\n\t\t\t\t<\/div>\n\t\t<div class=\"elementor-element elementor-element-e8469fe e-flex e-con-boxed e-con e-parent\" data-id=\"e8469fe\" data-element_type=\"container\" data-e-type=\"container\">\n\t\t\t\t\t<div class=\"e-con-inner\">\n\t\t<div class=\"elementor-element elementor-element-c347803 e-con-full e-flex e-con e-child\" data-id=\"c347803\" data-element_type=\"container\" data-e-type=\"container\" data-settings=\"{&quot;background_background&quot;:&quot;classic&quot;}\">\n\t\t<div class=\"elementor-element elementor-element-84283aa e-con-full e-flex e-con e-child\" data-id=\"84283aa\" data-element_type=\"container\" data-e-type=\"container\" data-settings=\"{&quot;background_background&quot;:&quot;classic&quot;}\">\n\t\t\t\t<div class=\"elementor-element elementor-element-5a132d2 elementor-widget elementor-widget-heading\" data-id=\"5a132d2\" data-element_type=\"widget\" data-e-type=\"widget\" data-widget_type=\"heading.default\">\n\t\t\t\t<div class=\"elementor-widget-container\">\n\t\t\t\t\t<h2 class=\"elementor-heading-title elementor-size-default\">Mercado<\/h2>\t\t\t\t<\/div>\n\t\t\t\t<\/div>\n\t\t\t\t<div class=\"elementor-element elementor-element-4927d12 elementor-widget elementor-widget-text-editor\" data-id=\"4927d12\" data-element_type=\"widget\" data-e-type=\"widget\" data-widget_type=\"text-editor.default\">\n\t\t\t\t<div class=\"elementor-widget-container\">\n\t\t\t\t\t\t\t\t\t<p>Nuestros productos son utilizados en la Banca y Sector Financiero, Oficinas Gubernamentales, Centros de Atenci\u00f3n, Comercios, Edificios, Hoteles, Hospitales, Clubes Deportivos, Centros de Convenciones, Auditorios, Cines, Escuelas y Universidades, Museos, Restaurantes, Centros Comerciales, Terminales A\u00e9reas, Mar\u00edtimas y de Autobuses.<\/p>\t\t\t\t\t\t\t\t<\/div>\n\t\t\t\t<\/div>\n\t\t\t\t<\/div>\n\t\t\t\t<\/div>\n\t\t<div class=\"elementor-element elementor-element-f2a8d65 e-con-full e-flex e-con e-child\" data-id=\"f2a8d65\" data-element_type=\"container\" data-e-type=\"container\" data-settings=\"{&quot;background_background&quot;:&quot;classic&quot;}\">\n\t\t<div class=\"elementor-element elementor-element-66f5a1d e-con-full e-flex e-con e-child\" data-id=\"66f5a1d\" data-element_type=\"container\" data-e-type=\"container\" data-settings=\"{&quot;background_background&quot;:&quot;classic&quot;}\">\n\t\t\t\t<div class=\"elementor-element elementor-element-273ea21 elementor-widget elementor-widget-heading\" data-id=\"273ea21\" data-element_type=\"widget\" data-e-type=\"widget\" data-widget_type=\"heading.default\">\n\t\t\t\t<div class=\"elementor-widget-container\">\n\t\t\t\t\t<h2 class=\"elementor-heading-title elementor-size-default\">Misi\u00f3n<\/h2>\t\t\t\t<\/div>\n\t\t\t\t<\/div>\n\t\t\t\t<div class=\"elementor-element elementor-element-31efe2e elementor-widget elementor-widget-text-editor\" data-id=\"31efe2e\" data-element_type=\"widget\" data-e-type=\"widget\" data-widget_type=\"text-editor.default\">\n\t\t\t\t<div class=\"elementor-widget-container\">\n\t\t\t\t\t\t\t\t\t<p>Como empresa l\u00edder en el mercado nos enfocamos en entregar a nuestros clientes productos novedosos y de alta calidad que satisfagan sus necesidades, generen confianza y relaciones de largo plazo.<\/p>\t\t\t\t\t\t\t\t<\/div>\n\t\t\t\t<\/div>\n\t\t\t\t<\/div>\n\t\t\t\t<\/div>\n\t\t\t\t\t<\/div>\n\t\t\t\t<\/div>\n\t\t\t\t<\/div>\n\t\t","protected":false},"excerpt":{"rendered":"<p>Acerca de Castings M\u00e9xico Castings M\u00e9xico es una empresa con presencia en el mercado nacional desde 1968, dedicada a la [&hellip;]<\/p>\n","protected":false},"author":12,"featured_media":0,"parent":0,"menu_order":0,"comment_status":"closed","ping_status":"closed","template":"","meta":{"inline_featured_image":false,"site-sidebar-layout":"default","site-content-layout":"","ast-site-content-layout":"default","site-content-style":"default","site-sidebar-style":"default","ast-global-header-display":"","ast-banner-title-visibility":"","ast-main-header-display":"","ast-hfb-above-header-display":"","ast-hfb-below-header-display":"","ast-hfb-mobile-header-display":"","site-post-title":"","ast-breadcrumbs-content":"","ast-featured-img":"","footer-sml-layout":"","ast-disable-related-posts":"","theme-transparent-header-meta":"","adv-header-id-meta":"","stick-header-meta":"","header-above-stick-meta":"","header-main-stick-meta":"","header-below-stick-meta":"","astra-migrate-meta-layouts":"default","ast-page-background-enabled":"default","ast-page-background-meta":{"desktop":{"background-color":"var(--ast-global-color-5)","background-image":"","background-repeat":"repeat","background-position":"center center","background-size":"auto","background-attachment":"scroll","background-type":"","background-media":"","overlay-type":"","overlay-color":"","overlay-opacity":"","overlay-gradient":""},"tablet":{"background-color":"","background-image":"","background-repeat":"repeat","background-position":"center center","background-size":"auto","background-attachment":"scroll","background-type":"","background-media":"","overlay-type":"","overlay-color":"","overlay-opacity":"","overlay-gradient":""},"mobile":{"background-color":"","background-image":"","background-repeat":"repeat","background-position":"center center","background-size":"auto","background-attachment":"scroll","background-type":"","background-media":"","overlay-type":"","overlay-color":"","overlay-opacity":"","overlay-gradient":""}},"ast-content-background-meta":{"desktop":{"background-color":"var(--ast-global-color-4)","background-image":"","background-repeat":"repeat","background-position":"center center","background-size":"auto","background-attachment":"scroll","background-type":"","background-media":"","overlay-type":"","overlay-color":"","overlay-opacity":"","overlay-gradient":""},"tablet":{"background-color":"var(--ast-global-color-4)","background-image":"","background-repeat":"repeat","background-position":"center center","background-size":"auto","background-attachment":"scroll","background-type":"","background-media":"","overlay-type":"","overlay-color":"","overlay-opacity":"","overlay-gradient":""},"mobile":{"background-color":"var(--ast-global-color-4)","background-image":"","background-repeat":"repeat","background-position":"center center","background-size":"auto","background-attachment":"scroll","background-type":"","background-media":"","overlay-type":"","overlay-color":"","overlay-opacity":"","overlay-gradient":""}},"footnotes":""},"class_list":["post-396705","page","type-page","status-publish","hentry"],"yoast_head":"<!-- This site is optimized with the Yoast SEO plugin v27.2 - https:\/\/yoast.com\/product\/yoast-seo-wordpress\/ -->\n<title>Castings M\u00e9xico | Fabricaci\u00f3n y Suministro de Botes de Basura<\/title>\n<meta name=\"description\" content=\"Castings M\u00e9xico es una empresa con presencia en el mercado nacional desde 1968, fabricaci\u00f3n y suministro de botes de basura y mobiliario.\" \/>\n<meta name=\"robots\" content=\"index, follow, max-snippet:-1, max-image-preview:large, max-video-preview:-1\" \/>\n<link rel=\"canonical\" href=\"https:\/\/castingsmexico.com\/blog\/nosotros\/\" \/>\n<meta property=\"og:locale\" content=\"es_MX\" \/>\n<meta property=\"og:type\" content=\"article\" \/>\n<meta property=\"og:title\" content=\"Castings M\u00e9xico | Fabricaci\u00f3n y Suministro de Botes de Basura\" \/>\n<meta property=\"og:description\" content=\"Castings M\u00e9xico es una empresa con presencia en el mercado nacional desde 1968, fabricaci\u00f3n y suministro de botes de basura y mobiliario.\" \/>\n<meta property=\"og:url\" content=\"https:\/\/castingsmexico.com\/blog\/nosotros\/\" \/>\n<meta property=\"og:site_name\" content=\"Castings M\u00e9xico\" \/>\n<meta property=\"article:modified_time\" content=\"2025-06-20T23:11:49+00:00\" \/>\n<meta property=\"og:image\" content=\"https:\/\/sandybrown-lion-227467.hostingersite.com\/wp-content\/uploads\/2024\/07\/imageacerca-1024x879.png\" \/>\n<meta name=\"twitter:card\" content=\"summary_large_image\" \/>\n<meta name=\"twitter:label1\" content=\"Tiempo de lectura\" \/>\n\t<meta name=\"twitter:data1\" content=\"1 minuto\" \/>\n<script type=\"application\/ld+json\" class=\"yoast-schema-graph\">{\"@context\":\"https:\/\/schema.org\",\"@graph\":[{\"@type\":\"WebPage\",\"@id\":\"https:\/\/castingsmexico.com\/blog\/nosotros\/\",\"url\":\"https:\/\/castingsmexico.com\/blog\/nosotros\/\",\"name\":\"Castings M\u00e9xico | Fabricaci\u00f3n y Suministro de Botes de Basura\",\"isPartOf\":{\"@id\":\"https:\/\/castingsmexico.com\/blog\/#website\"},\"primaryImageOfPage\":{\"@id\":\"https:\/\/castingsmexico.com\/blog\/nosotros\/#primaryimage\"},\"image\":{\"@id\":\"https:\/\/castingsmexico.com\/blog\/nosotros\/#primaryimage\"},\"thumbnailUrl\":\"https:\/\/sandybrown-lion-227467.hostingersite.com\/wp-content\/uploads\/2024\/07\/imageacerca-1024x879.png\",\"datePublished\":\"2025-03-24T20:10:47+00:00\",\"dateModified\":\"2025-06-20T23:11:49+00:00\",\"description\":\"Castings M\u00e9xico es una empresa con presencia en el mercado nacional desde 1968, fabricaci\u00f3n y suministro de botes de basura y mobiliario.\",\"breadcrumb\":{\"@id\":\"https:\/\/castingsmexico.com\/blog\/nosotros\/#breadcrumb\"},\"inLanguage\":\"es\",\"potentialAction\":[{\"@type\":\"ReadAction\",\"target\":[\"https:\/\/castingsmexico.com\/blog\/nosotros\/\"]}]},{\"@type\":\"ImageObject\",\"inLanguage\":\"es\",\"@id\":\"https:\/\/castingsmexico.com\/blog\/nosotros\/#primaryimage\",\"url\":\"https:\/\/sandybrown-lion-227467.hostingersite.com\/wp-content\/uploads\/2024\/07\/imageacerca-1024x879.png\",\"contentUrl\":\"https:\/\/sandybrown-lion-227467.hostingersite.com\/wp-content\/uploads\/2024\/07\/imageacerca-1024x879.png\"},{\"@type\":\"BreadcrumbList\",\"@id\":\"https:\/\/castingsmexico.com\/blog\/nosotros\/#breadcrumb\",\"itemListElement\":[{\"@type\":\"ListItem\",\"position\":1,\"name\":\"Home\",\"item\":\"https:\/\/castingsmexico.com\/blog\/\"},{\"@type\":\"ListItem\",\"position\":2,\"name\":\"Nosotros\"}]},{\"@type\":\"WebSite\",\"@id\":\"https:\/\/castingsmexico.com\/blog\/#website\",\"url\":\"https:\/\/castingsmexico.com\/blog\/\",\"name\":\"Castings M\u00e9xico\",\"description\":\"\",\"publisher\":{\"@id\":\"https:\/\/castingsmexico.com\/blog\/#organization\"},\"potentialAction\":[{\"@type\":\"SearchAction\",\"target\":{\"@type\":\"EntryPoint\",\"urlTemplate\":\"https:\/\/castingsmexico.com\/blog\/?s={search_term_string}\"},\"query-input\":{\"@type\":\"PropertyValueSpecification\",\"valueRequired\":true,\"valueName\":\"search_term_string\"}}],\"inLanguage\":\"es\"},{\"@type\":\"Organization\",\"@id\":\"https:\/\/castingsmexico.com\/blog\/#organization\",\"name\":\"Castings M\u00e9xico\",\"url\":\"https:\/\/castingsmexico.com\/blog\/\",\"logo\":{\"@type\":\"ImageObject\",\"inLanguage\":\"es\",\"@id\":\"https:\/\/castingsmexico.com\/blog\/#\/schema\/logo\/image\/\",\"url\":\"https:\/\/castingsmexico.com\/blog\/wp-content\/uploads\/2025\/05\/casting-mexico-y-55-anos-copia.webp\",\"contentUrl\":\"https:\/\/castingsmexico.com\/blog\/wp-content\/uploads\/2025\/05\/casting-mexico-y-55-anos-copia.webp\",\"width\":1000,\"height\":200,\"caption\":\"Castings M\u00e9xico\"},\"image\":{\"@id\":\"https:\/\/castingsmexico.com\/blog\/#\/schema\/logo\/image\/\"}}]}<\/script>\n<!-- \/ Yoast SEO plugin. -->","yoast_head_json":{"title":"Castings M\u00e9xico | Fabricaci\u00f3n y Suministro de Botes de Basura","description":"Castings M\u00e9xico es una empresa con presencia en el mercado nacional desde 1968, fabricaci\u00f3n y suministro de botes de basura y mobiliario.","robots":{"index":"index","follow":"follow","max-snippet":"max-snippet:-1","max-image-preview":"max-image-preview:large","max-video-preview":"max-video-preview:-1"},"canonical":"https:\/\/castingsmexico.com\/blog\/nosotros\/","og_locale":"es_MX","og_type":"article","og_title":"Castings M\u00e9xico | Fabricaci\u00f3n y Suministro de Botes de Basura","og_description":"Castings M\u00e9xico es una empresa con presencia en el mercado nacional desde 1968, fabricaci\u00f3n y suministro de botes de basura y mobiliario.","og_url":"https:\/\/castingsmexico.com\/blog\/nosotros\/","og_site_name":"Castings M\u00e9xico","article_modified_time":"2025-06-20T23:11:49+00:00","og_image":[{"url":"https:\/\/sandybrown-lion-227467.hostingersite.com\/wp-content\/uploads\/2024\/07\/imageacerca-1024x879.png","type":"","width":"","height":""}],"twitter_card":"summary_large_image","twitter_misc":{"Tiempo de lectura":"1 minuto"},"schema":{"@context":"https:\/\/schema.org","@graph":[{"@type":"WebPage","@id":"https:\/\/castingsmexico.com\/blog\/nosotros\/","url":"https:\/\/castingsmexico.com\/blog\/nosotros\/","name":"Castings M\u00e9xico | Fabricaci\u00f3n y Suministro de Botes de Basura","isPartOf":{"@id":"https:\/\/castingsmexico.com\/blog\/#website"},"primaryImageOfPage":{"@id":"https:\/\/castingsmexico.com\/blog\/nosotros\/#primaryimage"},"image":{"@id":"https:\/\/castingsmexico.com\/blog\/nosotros\/#primaryimage"},"thumbnailUrl":"https:\/\/sandybrown-lion-227467.hostingersite.com\/wp-content\/uploads\/2024\/07\/imageacerca-1024x879.png","datePublished":"2025-03-24T20:10:47+00:00","dateModified":"2025-06-20T23:11:49+00:00","description":"Castings M\u00e9xico es una empresa con presencia en el mercado nacional desde 1968, fabricaci\u00f3n y suministro de botes de basura y mobiliario.","breadcrumb":{"@id":"https:\/\/castingsmexico.com\/blog\/nosotros\/#breadcrumb"},"inLanguage":"es","potentialAction":[{"@type":"ReadAction","target":["https:\/\/castingsmexico.com\/blog\/nosotros\/"]}]},{"@type":"ImageObject","inLanguage":"es","@id":"https:\/\/castingsmexico.com\/blog\/nosotros\/#primaryimage","url":"https:\/\/sandybrown-lion-227467.hostingersite.com\/wp-content\/uploads\/2024\/07\/imageacerca-1024x879.png","contentUrl":"https:\/\/sandybrown-lion-227467.hostingersite.com\/wp-content\/uploads\/2024\/07\/imageacerca-1024x879.png"},{"@type":"BreadcrumbList","@id":"https:\/\/castingsmexico.com\/blog\/nosotros\/#breadcrumb","itemListElement":[{"@type":"ListItem","position":1,"name":"Home","item":"https:\/\/castingsmexico.com\/blog\/"},{"@type":"ListItem","position":2,"name":"Nosotros"}]},{"@type":"WebSite","@id":"https:\/\/castingsmexico.com\/blog\/#website","url":"https:\/\/castingsmexico.com\/blog\/","name":"Castings M\u00e9xico","description":"","publisher":{"@id":"https:\/\/castingsmexico.com\/blog\/#organization"},"potentialAction":[{"@type":"SearchAction","target":{"@type":"EntryPoint","urlTemplate":"https:\/\/castingsmexico.com\/blog\/?s={search_term_string}"},"query-input":{"@type":"PropertyValueSpecification","valueRequired":true,"valueName":"search_term_string"}}],"inLanguage":"es"},{"@type":"Organization","@id":"https:\/\/castingsmexico.com\/blog\/#organization","name":"Castings M\u00e9xico","url":"https:\/\/castingsmexico.com\/blog\/","logo":{"@type":"ImageObject","inLanguage":"es","@id":"https:\/\/castingsmexico.com\/blog\/#\/schema\/logo\/image\/","url":"https:\/\/castingsmexico.com\/blog\/wp-content\/uploads\/2025\/05\/casting-mexico-y-55-anos-copia.webp","contentUrl":"https:\/\/castingsmexico.com\/blog\/wp-content\/uploads\/2025\/05\/casting-mexico-y-55-anos-copia.webp","width":1000,"height":200,"caption":"Castings M\u00e9xico"},"image":{"@id":"https:\/\/castingsmexico.com\/blog\/#\/schema\/logo\/image\/"}}]}},"_links":{"self":[{"href":"https:\/\/castingsmexico.com\/blog\/wp-json\/wp\/v2\/pages\/396705","targetHints":{"allow":["GET"]}}],"collection":[{"href":"https:\/\/castingsmexico.com\/blog\/wp-json\/wp\/v2\/pages"}],"about":[{"href":"https:\/\/castingsmexico.com\/blog\/wp-json\/wp\/v2\/types\/page"}],"author":[{"embeddable":true,"href":"https:\/\/castingsmexico.com\/blog\/wp-json\/wp\/v2\/users\/12"}],"replies":[{"embeddable":true,"href":"https:\/\/castingsmexico.com\/blog\/wp-json\/wp\/v2\/comments?post=396705"}],"version-history":[{"count":10,"href":"https:\/\/castingsmexico.com\/blog\/wp-json\/wp\/v2\/pages\/396705\/revisions"}],"predecessor-version":[{"id":398231,"href":"https:\/\/castingsmexico.com\/blog\/wp-json\/wp\/v2\/pages\/396705\/revisions\/398231"}],"wp:attachment":[{"href":"https:\/\/castingsmexico.com\/blog\/wp-json\/wp\/v2\/media?parent=396705"}],"curies":[{"name":"wp","href":"https:\/\/api.w.org\/{rel}","templated":true}]}}