{"id":335527,"date":"2023-08-18T12:38:31","date_gmt":"2023-08-18T17:38:31","guid":{"rendered":"https:\/\/castingsmexico.com\/?post_type=product&#038;p=335527"},"modified":"2025-07-18T17:50:50","modified_gmt":"2025-07-18T23:50:50","slug":"centro-de-separacion-de-80-litros-doble","status":"publish","type":"product","link":"https:\/\/castingsmexico.com\/blog\/producto\/centro-de-separacion-de-80-litros-doble\/","title":{"rendered":"Centro de separaci\u00f3n doble 80 litros"},"content":{"rendered":"<p>Centro de separaci\u00f3n de basura doble, consta de estructura desarmable, 2 botes con balanc\u00edn de 80 litros en color gris y verde, etiquetas clasificadoras.<\/p>\n<ul id=\"medidas-producto-simple\">\n<li>Medidas: 73 x 47 x 123 cms. de altura<\/li>\n<\/ul>\n","protected":false},"excerpt":{"rendered":"<p>Centro de separaci\u00f3n de basura doble, consta de estructura desarmable, 2 botes con balanc\u00edn de 80 litros en color gris [&hellip;]<\/p>\n","protected":false},"featured_media":398028,"template":"","meta":{"inline_featured_image":false,"site-sidebar-layout":"default","site-content-layout":"","ast-site-content-layout":"default","site-content-style":"default","site-sidebar-style":"default","ast-global-header-display":"","ast-banner-title-visibility":"","ast-main-header-display":"","ast-hfb-above-header-display":"","ast-hfb-below-header-display":"","ast-hfb-mobile-header-display":"","site-post-title":"","ast-breadcrumbs-content":"","ast-featured-img":"","footer-sml-layout":"","ast-disable-related-posts":"","theme-transparent-header-meta":"default","adv-header-id-meta":"","stick-header-meta":"","header-above-stick-meta":"","header-main-stick-meta":"","header-below-stick-meta":"","astra-migrate-meta-layouts":"set","ast-page-background-enabled":"default","ast-page-background-meta":{"desktop":{"background-color":"var(--ast-global-color-5)","background-image":"","background-repeat":"repeat","background-position":"center center","background-size":"auto","background-attachment":"scroll","background-type":"","background-media":"","overlay-type":"","overlay-color":"","overlay-opacity":"","overlay-gradient":""},"tablet":{"background-color":"","background-image":"","background-repeat":"repeat","background-position":"center center","background-size":"auto","background-attachment":"scroll","background-type":"","background-media":"","overlay-type":"","overlay-color":"","overlay-opacity":"","overlay-gradient":""},"mobile":{"background-color":"","background-image":"","background-repeat":"repeat","background-position":"center center","background-size":"auto","background-attachment":"scroll","background-type":"","background-media":"","overlay-type":"","overlay-color":"","overlay-opacity":"","overlay-gradient":""}},"ast-content-background-meta":{"desktop":{"background-color":"var(--ast-global-color-4)","background-image":"","background-repeat":"repeat","background-position":"center center","background-size":"auto","background-attachment":"scroll","background-type":"","background-media":"","overlay-type":"","overlay-color":"","overlay-opacity":"","overlay-gradient":""},"tablet":{"background-color":"var(--ast-global-color-4)","background-image":"","background-repeat":"repeat","background-position":"center center","background-size":"auto","background-attachment":"scroll","background-type":"","background-media":"","overlay-type":"","overlay-color":"","overlay-opacity":"","overlay-gradient":""},"mobile":{"background-color":"var(--ast-global-color-4)","background-image":"","background-repeat":"repeat","background-position":"center center","background-size":"auto","background-attachment":"scroll","background-type":"","background-media":"","overlay-type":"","overlay-color":"","overlay-opacity":"","overlay-gradient":""}}},"product_brand":[],"product_cat":[1427],"product_tag":[],"class_list":{"0":"post-335527","1":"product","2":"type-product","3":"status-publish","4":"has-post-thumbnail","6":"product_cat-basureros-de-plastico","7":"desktop-align-center","8":"tablet-align-left","9":"mobile-align-left","11":"first","12":"instock","13":"shipping-taxable","14":"purchasable","15":"product-type-simple"},"yoast_head":"<!-- This site is optimized with the Yoast SEO plugin v27.2 - https:\/\/yoast.com\/product\/yoast-seo-wordpress\/ -->\n<title>Centro de separaci\u00f3n doble 80 litros - Castings M\u00e9xico<\/title>\n<meta name=\"robots\" content=\"index, follow, max-snippet:-1, max-image-preview:large, max-video-preview:-1\" \/>\n<link rel=\"canonical\" href=\"https:\/\/castingsmexico.com\/blog\/producto\/centro-de-separacion-de-80-litros-doble\/\" \/>\n<meta property=\"og:locale\" content=\"es_MX\" \/>\n<meta property=\"og:type\" content=\"article\" \/>\n<meta property=\"og:title\" content=\"Centro de separaci\u00f3n doble 80 litros - Castings M\u00e9xico\" \/>\n<meta property=\"og:description\" content=\"Centro de separaci\u00f3n de basura doble, consta de estructura desarmable, 2 botes con balanc\u00edn de 80 litros en color gris [&hellip;]\" \/>\n<meta property=\"og:url\" content=\"https:\/\/castingsmexico.com\/blog\/producto\/centro-de-separacion-de-80-litros-doble\/\" \/>\n<meta property=\"og:site_name\" content=\"Castings M\u00e9xico\" \/>\n<meta property=\"article:modified_time\" content=\"2025-07-18T23:50:50+00:00\" \/>\n<meta property=\"og:image\" content=\"https:\/\/castingsmexico.com\/blog\/wp-content\/uploads\/2023\/08\/7872-new-a.png\" \/>\n\t<meta property=\"og:image:width\" content=\"500\" \/>\n\t<meta property=\"og:image:height\" content=\"500\" \/>\n\t<meta property=\"og:image:type\" content=\"image\/png\" \/>\n<meta name=\"twitter:card\" content=\"summary_large_image\" \/>\n<meta name=\"twitter:label1\" content=\"Tiempo de lectura\" \/>\n\t<meta name=\"twitter:data1\" content=\"1 minuto\" \/>\n<script type=\"application\/ld+json\" class=\"yoast-schema-graph\">{\"@context\":\"https:\/\/schema.org\",\"@graph\":[{\"@type\":\"WebPage\",\"@id\":\"https:\/\/castingsmexico.com\/blog\/producto\/centro-de-separacion-de-80-litros-doble\/\",\"url\":\"https:\/\/castingsmexico.com\/blog\/producto\/centro-de-separacion-de-80-litros-doble\/\",\"name\":\"Centro de separaci\u00f3n doble 80 litros - Castings M\u00e9xico\",\"isPartOf\":{\"@id\":\"https:\/\/castingsmexico.com\/blog\/#website\"},\"primaryImageOfPage\":{\"@id\":\"https:\/\/castingsmexico.com\/blog\/producto\/centro-de-separacion-de-80-litros-doble\/#primaryimage\"},\"image\":{\"@id\":\"https:\/\/castingsmexico.com\/blog\/producto\/centro-de-separacion-de-80-litros-doble\/#primaryimage\"},\"thumbnailUrl\":\"https:\/\/castingsmexico.com\/blog\/wp-content\/uploads\/2023\/08\/7872-new-a.png\",\"datePublished\":\"2023-08-18T17:38:31+00:00\",\"dateModified\":\"2025-07-18T23:50:50+00:00\",\"breadcrumb\":{\"@id\":\"https:\/\/castingsmexico.com\/blog\/producto\/centro-de-separacion-de-80-litros-doble\/#breadcrumb\"},\"inLanguage\":\"es\",\"potentialAction\":[{\"@type\":\"ReadAction\",\"target\":[\"https:\/\/castingsmexico.com\/blog\/producto\/centro-de-separacion-de-80-litros-doble\/\"]}]},{\"@type\":\"ImageObject\",\"inLanguage\":\"es\",\"@id\":\"https:\/\/castingsmexico.com\/blog\/producto\/centro-de-separacion-de-80-litros-doble\/#primaryimage\",\"url\":\"https:\/\/castingsmexico.com\/blog\/wp-content\/uploads\/2023\/08\/7872-new-a.png\",\"contentUrl\":\"https:\/\/castingsmexico.com\/blog\/wp-content\/uploads\/2023\/08\/7872-new-a.png\",\"width\":500,\"height\":500},{\"@type\":\"BreadcrumbList\",\"@id\":\"https:\/\/castingsmexico.com\/blog\/producto\/centro-de-separacion-de-80-litros-doble\/#breadcrumb\",\"itemListElement\":[{\"@type\":\"ListItem\",\"position\":1,\"name\":\"Home\",\"item\":\"https:\/\/castingsmexico.com\/blog\/\"},{\"@type\":\"ListItem\",\"position\":2,\"name\":\"Shop\",\"item\":\"https:\/\/castingsmexico.com\/blog\/shop\/\"},{\"@type\":\"ListItem\",\"position\":3,\"name\":\"Basureros de pl\u00e1stico\",\"item\":\"https:\/\/castingsmexico.com\/blog\/categoria\/basureros-de-plastico\/\"},{\"@type\":\"ListItem\",\"position\":4,\"name\":\"Centro de separaci\u00f3n doble 80 litros\"}]},{\"@type\":\"WebSite\",\"@id\":\"https:\/\/castingsmexico.com\/blog\/#website\",\"url\":\"https:\/\/castingsmexico.com\/blog\/\",\"name\":\"Castings M\u00e9xico\",\"description\":\"\",\"publisher\":{\"@id\":\"https:\/\/castingsmexico.com\/blog\/#organization\"},\"potentialAction\":[{\"@type\":\"SearchAction\",\"target\":{\"@type\":\"EntryPoint\",\"urlTemplate\":\"https:\/\/castingsmexico.com\/blog\/?s={search_term_string}\"},\"query-input\":{\"@type\":\"PropertyValueSpecification\",\"valueRequired\":true,\"valueName\":\"search_term_string\"}}],\"inLanguage\":\"es\"},{\"@type\":\"Organization\",\"@id\":\"https:\/\/castingsmexico.com\/blog\/#organization\",\"name\":\"Castings M\u00e9xico\",\"url\":\"https:\/\/castingsmexico.com\/blog\/\",\"logo\":{\"@type\":\"ImageObject\",\"inLanguage\":\"es\",\"@id\":\"https:\/\/castingsmexico.com\/blog\/#\/schema\/logo\/image\/\",\"url\":\"https:\/\/castingsmexico.com\/blog\/wp-content\/uploads\/2025\/05\/casting-mexico-y-55-anos-copia.webp\",\"contentUrl\":\"https:\/\/castingsmexico.com\/blog\/wp-content\/uploads\/2025\/05\/casting-mexico-y-55-anos-copia.webp\",\"width\":1000,\"height\":200,\"caption\":\"Castings M\u00e9xico\"},\"image\":{\"@id\":\"https:\/\/castingsmexico.com\/blog\/#\/schema\/logo\/image\/\"}}]}<\/script>\n<!-- \/ Yoast SEO plugin. -->","yoast_head_json":{"title":"Centro de separaci\u00f3n doble 80 litros - Castings M\u00e9xico","robots":{"index":"index","follow":"follow","max-snippet":"max-snippet:-1","max-image-preview":"max-image-preview:large","max-video-preview":"max-video-preview:-1"},"canonical":"https:\/\/castingsmexico.com\/blog\/producto\/centro-de-separacion-de-80-litros-doble\/","og_locale":"es_MX","og_type":"article","og_title":"Centro de separaci\u00f3n doble 80 litros - Castings M\u00e9xico","og_description":"Centro de separaci\u00f3n de basura doble, consta de estructura desarmable, 2 botes con balanc\u00edn de 80 litros en color gris [&hellip;]","og_url":"https:\/\/castingsmexico.com\/blog\/producto\/centro-de-separacion-de-80-litros-doble\/","og_site_name":"Castings M\u00e9xico","article_modified_time":"2025-07-18T23:50:50+00:00","og_image":[{"width":500,"height":500,"url":"https:\/\/castingsmexico.com\/blog\/wp-content\/uploads\/2023\/08\/7872-new-a.png","type":"image\/png"}],"twitter_card":"summary_large_image","twitter_misc":{"Tiempo de lectura":"1 minuto"},"schema":{"@context":"https:\/\/schema.org","@graph":[{"@type":"WebPage","@id":"https:\/\/castingsmexico.com\/blog\/producto\/centro-de-separacion-de-80-litros-doble\/","url":"https:\/\/castingsmexico.com\/blog\/producto\/centro-de-separacion-de-80-litros-doble\/","name":"Centro de separaci\u00f3n doble 80 litros - Castings M\u00e9xico","isPartOf":{"@id":"https:\/\/castingsmexico.com\/blog\/#website"},"primaryImageOfPage":{"@id":"https:\/\/castingsmexico.com\/blog\/producto\/centro-de-separacion-de-80-litros-doble\/#primaryimage"},"image":{"@id":"https:\/\/castingsmexico.com\/blog\/producto\/centro-de-separacion-de-80-litros-doble\/#primaryimage"},"thumbnailUrl":"https:\/\/castingsmexico.com\/blog\/wp-content\/uploads\/2023\/08\/7872-new-a.png","datePublished":"2023-08-18T17:38:31+00:00","dateModified":"2025-07-18T23:50:50+00:00","breadcrumb":{"@id":"https:\/\/castingsmexico.com\/blog\/producto\/centro-de-separacion-de-80-litros-doble\/#breadcrumb"},"inLanguage":"es","potentialAction":[{"@type":"ReadAction","target":["https:\/\/castingsmexico.com\/blog\/producto\/centro-de-separacion-de-80-litros-doble\/"]}]},{"@type":"ImageObject","inLanguage":"es","@id":"https:\/\/castingsmexico.com\/blog\/producto\/centro-de-separacion-de-80-litros-doble\/#primaryimage","url":"https:\/\/castingsmexico.com\/blog\/wp-content\/uploads\/2023\/08\/7872-new-a.png","contentUrl":"https:\/\/castingsmexico.com\/blog\/wp-content\/uploads\/2023\/08\/7872-new-a.png","width":500,"height":500},{"@type":"BreadcrumbList","@id":"https:\/\/castingsmexico.com\/blog\/producto\/centro-de-separacion-de-80-litros-doble\/#breadcrumb","itemListElement":[{"@type":"ListItem","position":1,"name":"Home","item":"https:\/\/castingsmexico.com\/blog\/"},{"@type":"ListItem","position":2,"name":"Shop","item":"https:\/\/castingsmexico.com\/blog\/shop\/"},{"@type":"ListItem","position":3,"name":"Basureros de pl\u00e1stico","item":"https:\/\/castingsmexico.com\/blog\/categoria\/basureros-de-plastico\/"},{"@type":"ListItem","position":4,"name":"Centro de separaci\u00f3n doble 80 litros"}]},{"@type":"WebSite","@id":"https:\/\/castingsmexico.com\/blog\/#website","url":"https:\/\/castingsmexico.com\/blog\/","name":"Castings M\u00e9xico","description":"","publisher":{"@id":"https:\/\/castingsmexico.com\/blog\/#organization"},"potentialAction":[{"@type":"SearchAction","target":{"@type":"EntryPoint","urlTemplate":"https:\/\/castingsmexico.com\/blog\/?s={search_term_string}"},"query-input":{"@type":"PropertyValueSpecification","valueRequired":true,"valueName":"search_term_string"}}],"inLanguage":"es"},{"@type":"Organization","@id":"https:\/\/castingsmexico.com\/blog\/#organization","name":"Castings M\u00e9xico","url":"https:\/\/castingsmexico.com\/blog\/","logo":{"@type":"ImageObject","inLanguage":"es","@id":"https:\/\/castingsmexico.com\/blog\/#\/schema\/logo\/image\/","url":"https:\/\/castingsmexico.com\/blog\/wp-content\/uploads\/2025\/05\/casting-mexico-y-55-anos-copia.webp","contentUrl":"https:\/\/castingsmexico.com\/blog\/wp-content\/uploads\/2025\/05\/casting-mexico-y-55-anos-copia.webp","width":1000,"height":200,"caption":"Castings M\u00e9xico"},"image":{"@id":"https:\/\/castingsmexico.com\/blog\/#\/schema\/logo\/image\/"}}]}},"_links":{"self":[{"href":"https:\/\/castingsmexico.com\/blog\/wp-json\/wp\/v2\/product\/335527","targetHints":{"allow":["GET"]}}],"collection":[{"href":"https:\/\/castingsmexico.com\/blog\/wp-json\/wp\/v2\/product"}],"about":[{"href":"https:\/\/castingsmexico.com\/blog\/wp-json\/wp\/v2\/types\/product"}],"wp:featuredmedia":[{"embeddable":true,"href":"https:\/\/castingsmexico.com\/blog\/wp-json\/wp\/v2\/media\/398028"}],"wp:attachment":[{"href":"https:\/\/castingsmexico.com\/blog\/wp-json\/wp\/v2\/media?parent=335527"}],"wp:term":[{"taxonomy":"product_brand","embeddable":true,"href":"https:\/\/castingsmexico.com\/blog\/wp-json\/wp\/v2\/product_brand?post=335527"},{"taxonomy":"product_cat","embeddable":true,"href":"https:\/\/castingsmexico.com\/blog\/wp-json\/wp\/v2\/product_cat?post=335527"},{"taxonomy":"product_tag","embeddable":true,"href":"https:\/\/castingsmexico.com\/blog\/wp-json\/wp\/v2\/product_tag?post=335527"}],"curies":[{"name":"wp","href":"https:\/\/api.w.org\/{rel}","templated":true}]}}